{"id":280,"date":"2025-02-07T07:51:10","date_gmt":"2025-02-07T12:51:10","guid":{"rendered":"https:\/\/oracle-atwood-canada.com\/contact\/"},"modified":"2025-05-14T03:52:56","modified_gmt":"2025-05-14T08:52:56","slug":"contact-oracle-atwood-canada","status":"publish","type":"page","link":"https:\/\/oracle-atwood-canada.com\/fr\/contact-oracle-atwood-canada\/","title":{"rendered":"Contact"},"content":{"rendered":"<p>[et_pb_section fb_built=\u00a0\u00bb1&Prime; _builder_version=\u00a0\u00bb4.27.4&Prime; _module_preset=\u00a0\u00bbdefault\u00a0\u00bb global_colors_info=\u00a0\u00bb{}\u00a0\u00bb][et_pb_row column_structure=\u00a0\u00bb1_2,1_2&Prime; _builder_version=\u00a0\u00bb4.27.4&Prime; _module_preset=\u00a0\u00bbdefault\u00a0\u00bb width_tablet=\u00a0\u00bb\u00a0\u00bb width_phone=\u00a0\u00bb95%\u00a0\u00bb width_last_edited=\u00a0\u00bbon|phone\u00a0\u00bb global_colors_info=\u00a0\u00bb{}\u00a0\u00bb][et_pb_column type=\u00a0\u00bb1_2&Prime; _builder_version=\u00a0\u00bb4.27.4&Prime; _module_preset=\u00a0\u00bbdefault\u00a0\u00bb global_colors_info=\u00a0\u00bb{}\u00a0\u00bb][et_pb_text _builder_version=\u00a0\u00bb4.27.4&Prime; _module_preset=\u00a0\u00bbdefault\u00a0\u00bb text_font=\u00a0\u00bbPoppins||||||||\u00a0\u00bb text_text_color=\u00a0\u00bb#000000&Prime; global_colors_info=\u00a0\u00bb{}\u00a0\u00bb]<\/p>\n<p style=\"text-align: justify;\">Nous vous remercions de bien vouloir prendre contact avec nous via le formulaire et nous vous r\u00e9pondrons dans les meilleurs d\u00e9lais.<\/p>\n<p>[\/et_pb_text][et_pb_image src=\u00a0\u00bbhttps:\/\/oracle-atwood-canada.com\/wp-content\/uploads\/2025\/02\/AlexAtwood2.jpg\u00a0\u00bb alt=\u00a0\u00bbAlex\u00a0\u00bb title_text=\u00a0\u00bbAlexAtwood2&Prime; _builder_version=\u00a0\u00bb4.27.4&Prime; _module_preset=\u00a0\u00bbdefault\u00a0\u00bb global_colors_info=\u00a0\u00bb{}\u00a0\u00bb][\/et_pb_image][\/et_pb_column][et_pb_column type=\u00a0\u00bb1_2&Prime; _builder_version=\u00a0\u00bb4.27.4&Prime; _module_preset=\u00a0\u00bbdefault\u00a0\u00bb global_colors_info=\u00a0\u00bb{}\u00a0\u00bb][et_pb_text _builder_version=\u00a0\u00bb4.27.4&Prime; _module_preset=\u00a0\u00bbdefault\u00a0\u00bb text_font=\u00a0\u00bbPoppins||||||||\u00a0\u00bb text_text_color=\u00a0\u00bb#000000&Prime; text_orientation=\u00a0\u00bbcenter\u00a0\u00bb custom_margin=\u00a0\u00bb0px||0px||false|false\u00a0\u00bb custom_padding=\u00a0\u00bb0px||0px||false|false\u00a0\u00bb global_colors_info=\u00a0\u00bb{}\u00a0\u00bb]<\/p>\n<h1>Contactez-nous<\/h1>\n<p>[\/et_pb_text][et_pb_text _builder_version=\u00a0\u00bb4.27.4&Prime; _module_preset=\u00a0\u00bbdefault\u00a0\u00bb custom_margin=\u00a0\u00bb0px||0px||true|false\u00a0\u00bb custom_padding=\u00a0\u00bb0px||0px||false|false\u00a0\u00bb global_colors_info=\u00a0\u00bb{}\u00a0\u00bb]<\/p>\n\n<div class=\"wpcf7 no-js\" id=\"wpcf7-f14-o1\" lang=\"fr-FR\" dir=\"ltr\" data-wpcf7-id=\"14\">\n<div class=\"screen-reader-response\"><p role=\"status\" aria-live=\"polite\" aria-atomic=\"true\"><\/p> <ul><\/ul><\/div>\n<form action=\"\/fr\/wp-json\/wp\/v2\/pages\/280#wpcf7-f14-o1\" method=\"post\" class=\"wpcf7-form init\" aria-label=\"Formulaire de contact\" novalidate=\"novalidate\" data-status=\"init\">\n<fieldset class=\"hidden-fields-container\"><input type=\"hidden\" name=\"_wpcf7\" value=\"14\" \/><input type=\"hidden\" name=\"_wpcf7_version\" value=\"6.1.5\" \/><input type=\"hidden\" name=\"_wpcf7_locale\" value=\"fr_FR\" \/><input type=\"hidden\" name=\"_wpcf7_unit_tag\" value=\"wpcf7-f14-o1\" \/><input type=\"hidden\" name=\"_wpcf7_container_post\" value=\"0\" \/><input type=\"hidden\" name=\"_wpcf7_posted_data_hash\" value=\"\" \/>\n<\/fieldset>\n<div class=\"deuxcol\">\n\t<div class=\"classnom\">\n\t\t<p><label> Votre nom <span class=\"wpcf7-form-control-wrap\" data-name=\"your-name\"><input size=\"40\" maxlength=\"400\" class=\"wpcf7-form-control wpcf7-text wpcf7-validates-as-required\" autocomplete=\"name\" aria-required=\"true\" aria-invalid=\"false\" value=\"\" type=\"text\" name=\"your-name\" \/><\/span> <\/label>\n\t\t<\/p>\n\t<\/div>\n\t<div class=\"classmail\">\n\t\t<p><label> Votre e-mail <span class=\"wpcf7-form-control-wrap\" data-name=\"your-email\"><input size=\"40\" maxlength=\"400\" class=\"wpcf7-form-control wpcf7-email wpcf7-validates-as-required wpcf7-text wpcf7-validates-as-email\" autocomplete=\"email\" aria-required=\"true\" aria-invalid=\"false\" value=\"\" type=\"email\" name=\"your-email\" \/><\/span> <\/label>\n\t\t<\/p>\n\t<\/div>\n<\/div>\n<p><label> Objet <span class=\"wpcf7-form-control-wrap\" data-name=\"your-subject\"><input size=\"40\" maxlength=\"400\" class=\"wpcf7-form-control wpcf7-text wpcf7-validates-as-required\" aria-required=\"true\" aria-invalid=\"false\" value=\"\" type=\"text\" name=\"your-subject\" \/><\/span> <\/label><br \/>\n<label> Votre message <span class=\"wpcf7-form-control-wrap\" data-name=\"your-message\"><textarea cols=\"40\" rows=\"10\" maxlength=\"2000\" class=\"wpcf7-form-control wpcf7-textarea\" aria-invalid=\"false\" name=\"your-message\"><\/textarea><\/span> <\/label><br \/>\n<input class=\"wpcf7-form-control wpcf7-submit has-spinner\" type=\"submit\" value=\"Envoyer\" \/>\n<\/p><p style=\"display: none !important;\" class=\"akismet-fields-container\" data-prefix=\"_wpcf7_ak_\"><label>&#916;<textarea name=\"_wpcf7_ak_hp_textarea\" cols=\"45\" rows=\"8\" maxlength=\"100\"><\/textarea><\/label><input type=\"hidden\" id=\"ak_js_1\" name=\"_wpcf7_ak_js\" value=\"88\"\/><script>document.getElementById( \"ak_js_1\" ).setAttribute( \"value\", ( new Date() ).getTime() );<\/script><\/p><div class=\"wpcf7-response-output\" aria-hidden=\"true\"><\/div>\n<\/form>\n<\/div>\n\n<p>[\/et_pb_text][\/et_pb_column][\/et_pb_row][\/et_pb_section]<\/p>\n","protected":false},"excerpt":{"rendered":"<p>Nous vous remercions de bien vouloir prendre contact avec nous via le formulaire et nous vous r\u00e9pondrons dans les meilleurs d\u00e9lais.Contactez-nous\n<div class=\"wpcf7 no-js\" id=\"wpcf7-f14-o2\" lang=\"fr-FR\" dir=\"ltr\" data-wpcf7-id=\"14\">\n<div class=\"screen-reader-response\"><p role=\"status\" aria-live=\"polite\" aria-atomic=\"true\"><\/p> <ul><\/ul><\/div>\n<form action=\"\/fr\/wp-json\/wp\/v2\/pages\/280#wpcf7-f14-o2\" method=\"post\" class=\"wpcf7-form init\" aria-label=\"Formulaire de contact\" novalidate=\"novalidate\" data-status=\"init\">\n<fieldset class=\"hidden-fields-container\"><input type=\"hidden\" name=\"_wpcf7\" value=\"14\" \/><input type=\"hidden\" name=\"_wpcf7_version\" value=\"6.1.5\" \/><input type=\"hidden\" name=\"_wpcf7_locale\" value=\"fr_FR\" \/><input type=\"hidden\" name=\"_wpcf7_unit_tag\" value=\"wpcf7-f14-o2\" \/><input type=\"hidden\" name=\"_wpcf7_container_post\" value=\"0\" \/><input type=\"hidden\" name=\"_wpcf7_posted_data_hash\" value=\"\" \/>\n<\/fieldset>\n<div class=\"deuxcol\">\n\t<div class=\"classnom\">\n\t\t<p><label> Votre nom <span class=\"wpcf7-form-control-wrap\" data-name=\"your-name\"><input size=\"40\" maxlength=\"400\" class=\"wpcf7-form-control wpcf7-text wpcf7-validates-as-required\" autocomplete=\"name\" aria-required=\"true\" aria-invalid=\"false\" value=\"\" type=\"text\" name=\"your-name\" \/><\/span> <\/label>\n\t\t<\/p>\n\t<\/div>\n\t<div class=\"classmail\">\n\t\t<p><label> Votre e-mail <span class=\"wpcf7-form-control-wrap\" data-name=\"your-email\"><input size=\"40\" maxlength=\"400\" class=\"wpcf7-form-control wpcf7-email wpcf7-validates-as-required wpcf7-text wpcf7-validates-as-email\" autocomplete=\"email\" aria-required=\"true\" aria-invalid=\"false\" value=\"\" type=\"email\" name=\"your-email\" \/><\/span> <\/label>\n\t\t<\/p>\n\t<\/div>\n<\/div>\n<p><label> Objet <span class=\"wpcf7-form-control-wrap\" data-name=\"your-subject\"><input size=\"40\" maxlength=\"400\" class=\"wpcf7-form-control wpcf7-text wpcf7-validates-as-required\" aria-required=\"true\" aria-invalid=\"false\" value=\"\" type=\"text\" name=\"your-subject\" \/><\/span> <\/label><br \/>\n<label> Votre message <span class=\"wpcf7-form-control-wrap\" data-name=\"your-message\"><textarea cols=\"40\" rows=\"10\" maxlength=\"2000\" class=\"wpcf7-form-control wpcf7-textarea\" aria-invalid=\"false\" name=\"your-message\"><\/textarea><\/span> <\/label><br \/>\n<input class=\"wpcf7-form-control wpcf7-submit has-spinner\" type=\"submit\" value=\"Envoyer\" \/>\n<\/p><p style=\"display: none !important;\" class=\"akismet-fields-container\" data-prefix=\"_wpcf7_ak_\"><label>&#916;<textarea name=\"_wpcf7_ak_hp_textarea\" cols=\"45\" rows=\"8\" maxlength=\"100\"><\/textarea><\/label><input type=\"hidden\" id=\"ak_js_2\" name=\"_wpcf7_ak_js\" value=\"63\"\/><script>document.getElementById( \"ak_js_2\" ).setAttribute( \"value\", ( new Date() ).getTime() );<\/script><\/p><div class=\"wpcf7-response-output\" aria-hidden=\"true\"><\/div>\n<\/form>\n<\/div>\n<\/p>\n","protected":false},"author":1,"featured_media":255,"parent":0,"menu_order":0,"comment_status":"closed","ping_status":"closed","template":"","meta":{"_et_pb_use_builder":"on","_et_pb_old_content":"","_et_gb_content_width":"","footnotes":""},"class_list":["post-280","page","type-page","status-publish","has-post-thumbnail","hentry"],"yoast_head":"<!-- This site is optimized with the Yoast SEO plugin v27.4 - https:\/\/yoast.com\/product\/yoast-seo-wordpress\/ -->\n<title>Contact - Oracle Atwood Canada<\/title>\n<meta name=\"description\" content=\"Utilisez le formulaire de contact pour nous envoyer un message, nous y r\u00e9pondrons dans les plus brefs d\u00e9lais.\" \/>\n<meta name=\"robots\" content=\"index, follow, max-snippet:-1, max-image-preview:large, max-video-preview:-1\" \/>\n<link rel=\"canonical\" href=\"https:\/\/oracle-atwood-canada.com\/contact-oracle-atwood-canada\/\" \/>\n<meta property=\"og:locale\" content=\"fr_FR\" \/>\n<meta property=\"og:type\" content=\"article\" \/>\n<meta property=\"og:title\" content=\"Contact - Oracle Atwood Canada\" \/>\n<meta property=\"og:description\" content=\"Utilisez le formulaire de contact pour nous envoyer un message, nous y r\u00e9pondrons dans les plus brefs d\u00e9lais.\" \/>\n<meta property=\"og:url\" content=\"https:\/\/oracle-atwood-canada.com\/contact-oracle-atwood-canada\/\" \/>\n<meta property=\"og:site_name\" content=\"Oracle Atwood Canada\" \/>\n<meta property=\"article:modified_time\" content=\"2025-05-14T08:52:56+00:00\" \/>\n<meta property=\"og:image\" content=\"https:\/\/oracle-atwood-canada.com\/wp-content\/uploads\/2025\/02\/OracleForetdeGaiasurRocher600px.jpg\" \/>\n\t<meta property=\"og:image:width\" content=\"600\" \/>\n\t<meta property=\"og:image:height\" content=\"600\" \/>\n\t<meta property=\"og:image:type\" content=\"image\/jpeg\" \/>\n<meta name=\"twitter:card\" content=\"summary_large_image\" \/>\n<meta name=\"twitter:label1\" content=\"Dur\u00e9e de lecture estim\u00e9e\" \/>\n\t<meta name=\"twitter:data1\" content=\"1 minute\" \/>\n<script type=\"application\/ld+json\" class=\"yoast-schema-graph\">{\"@context\":\"https:\\\/\\\/schema.org\",\"@graph\":[{\"@type\":\"WebPage\",\"@id\":\"https:\\\/\\\/oracle-atwood-canada.com\\\/contact-oracle-atwood-canada\\\/\",\"url\":\"https:\\\/\\\/oracle-atwood-canada.com\\\/contact-oracle-atwood-canada\\\/\",\"name\":\"Contact - Oracle Atwood Canada\",\"isPartOf\":{\"@id\":\"https:\\\/\\\/oracle-atwood-canada.com\\\/#website\"},\"primaryImageOfPage\":{\"@id\":\"https:\\\/\\\/oracle-atwood-canada.com\\\/contact-oracle-atwood-canada\\\/#primaryimage\"},\"image\":{\"@id\":\"https:\\\/\\\/oracle-atwood-canada.com\\\/contact-oracle-atwood-canada\\\/#primaryimage\"},\"thumbnailUrl\":\"https:\\\/\\\/oracle-atwood-canada.com\\\/wp-content\\\/uploads\\\/2025\\\/02\\\/OracleForetdeGaiasurRocher600px.jpg\",\"datePublished\":\"2025-02-07T12:51:10+00:00\",\"dateModified\":\"2025-05-14T08:52:56+00:00\",\"description\":\"Utilisez le formulaire de contact pour nous envoyer un message, nous y r\u00e9pondrons dans les plus brefs d\u00e9lais.\",\"breadcrumb\":{\"@id\":\"https:\\\/\\\/oracle-atwood-canada.com\\\/contact-oracle-atwood-canada\\\/#breadcrumb\"},\"inLanguage\":\"fr-FR\",\"potentialAction\":[{\"@type\":\"ReadAction\",\"target\":[\"https:\\\/\\\/oracle-atwood-canada.com\\\/contact-oracle-atwood-canada\\\/\"]}]},{\"@type\":\"ImageObject\",\"inLanguage\":\"fr-FR\",\"@id\":\"https:\\\/\\\/oracle-atwood-canada.com\\\/contact-oracle-atwood-canada\\\/#primaryimage\",\"url\":\"https:\\\/\\\/oracle-atwood-canada.com\\\/wp-content\\\/uploads\\\/2025\\\/02\\\/OracleForetdeGaiasurRocher600px.jpg\",\"contentUrl\":\"https:\\\/\\\/oracle-atwood-canada.com\\\/wp-content\\\/uploads\\\/2025\\\/02\\\/OracleForetdeGaiasurRocher600px.jpg\",\"width\":600,\"height\":600,\"caption\":\"Oracle de la For\u00eat de Ga\u00efa sur Rocher\"},{\"@type\":\"BreadcrumbList\",\"@id\":\"https:\\\/\\\/oracle-atwood-canada.com\\\/contact-oracle-atwood-canada\\\/#breadcrumb\",\"itemListElement\":[{\"@type\":\"ListItem\",\"position\":1,\"name\":\"Accueil\",\"item\":\"https:\\\/\\\/oracle-atwood-canada.com\\\/fr\\\/\"},{\"@type\":\"ListItem\",\"position\":2,\"name\":\"Contact\"}]},{\"@type\":\"WebSite\",\"@id\":\"https:\\\/\\\/oracle-atwood-canada.com\\\/#website\",\"url\":\"https:\\\/\\\/oracle-atwood-canada.com\\\/\",\"name\":\"Oracle Atwood Canada\",\"description\":\"R\u00e9v\u00e9lez votre destin\u00e9e\",\"potentialAction\":[{\"@type\":\"SearchAction\",\"target\":{\"@type\":\"EntryPoint\",\"urlTemplate\":\"https:\\\/\\\/oracle-atwood-canada.com\\\/?s={search_term_string}\"},\"query-input\":{\"@type\":\"PropertyValueSpecification\",\"valueRequired\":true,\"valueName\":\"search_term_string\"}}],\"inLanguage\":\"fr-FR\"}]}<\/script>\n<!-- \/ Yoast SEO plugin. -->","yoast_head_json":{"title":"Contact - Oracle Atwood Canada","description":"Utilisez le formulaire de contact pour nous envoyer un message, nous y r\u00e9pondrons dans les plus brefs d\u00e9lais.","robots":{"index":"index","follow":"follow","max-snippet":"max-snippet:-1","max-image-preview":"max-image-preview:large","max-video-preview":"max-video-preview:-1"},"canonical":"https:\/\/oracle-atwood-canada.com\/contact-oracle-atwood-canada\/","og_locale":"fr_FR","og_type":"article","og_title":"Contact - Oracle Atwood Canada","og_description":"Utilisez le formulaire de contact pour nous envoyer un message, nous y r\u00e9pondrons dans les plus brefs d\u00e9lais.","og_url":"https:\/\/oracle-atwood-canada.com\/contact-oracle-atwood-canada\/","og_site_name":"Oracle Atwood Canada","article_modified_time":"2025-05-14T08:52:56+00:00","og_image":[{"width":600,"height":600,"url":"https:\/\/oracle-atwood-canada.com\/wp-content\/uploads\/2025\/02\/OracleForetdeGaiasurRocher600px.jpg","type":"image\/jpeg"}],"twitter_card":"summary_large_image","twitter_misc":{"Dur\u00e9e de lecture estim\u00e9e":"1 minute"},"schema":{"@context":"https:\/\/schema.org","@graph":[{"@type":"WebPage","@id":"https:\/\/oracle-atwood-canada.com\/contact-oracle-atwood-canada\/","url":"https:\/\/oracle-atwood-canada.com\/contact-oracle-atwood-canada\/","name":"Contact - Oracle Atwood Canada","isPartOf":{"@id":"https:\/\/oracle-atwood-canada.com\/#website"},"primaryImageOfPage":{"@id":"https:\/\/oracle-atwood-canada.com\/contact-oracle-atwood-canada\/#primaryimage"},"image":{"@id":"https:\/\/oracle-atwood-canada.com\/contact-oracle-atwood-canada\/#primaryimage"},"thumbnailUrl":"https:\/\/oracle-atwood-canada.com\/wp-content\/uploads\/2025\/02\/OracleForetdeGaiasurRocher600px.jpg","datePublished":"2025-02-07T12:51:10+00:00","dateModified":"2025-05-14T08:52:56+00:00","description":"Utilisez le formulaire de contact pour nous envoyer un message, nous y r\u00e9pondrons dans les plus brefs d\u00e9lais.","breadcrumb":{"@id":"https:\/\/oracle-atwood-canada.com\/contact-oracle-atwood-canada\/#breadcrumb"},"inLanguage":"fr-FR","potentialAction":[{"@type":"ReadAction","target":["https:\/\/oracle-atwood-canada.com\/contact-oracle-atwood-canada\/"]}]},{"@type":"ImageObject","inLanguage":"fr-FR","@id":"https:\/\/oracle-atwood-canada.com\/contact-oracle-atwood-canada\/#primaryimage","url":"https:\/\/oracle-atwood-canada.com\/wp-content\/uploads\/2025\/02\/OracleForetdeGaiasurRocher600px.jpg","contentUrl":"https:\/\/oracle-atwood-canada.com\/wp-content\/uploads\/2025\/02\/OracleForetdeGaiasurRocher600px.jpg","width":600,"height":600,"caption":"Oracle de la For\u00eat de Ga\u00efa sur Rocher"},{"@type":"BreadcrumbList","@id":"https:\/\/oracle-atwood-canada.com\/contact-oracle-atwood-canada\/#breadcrumb","itemListElement":[{"@type":"ListItem","position":1,"name":"Accueil","item":"https:\/\/oracle-atwood-canada.com\/fr\/"},{"@type":"ListItem","position":2,"name":"Contact"}]},{"@type":"WebSite","@id":"https:\/\/oracle-atwood-canada.com\/#website","url":"https:\/\/oracle-atwood-canada.com\/","name":"Oracle Atwood Canada","description":"R\u00e9v\u00e9lez votre destin\u00e9e","potentialAction":[{"@type":"SearchAction","target":{"@type":"EntryPoint","urlTemplate":"https:\/\/oracle-atwood-canada.com\/?s={search_term_string}"},"query-input":{"@type":"PropertyValueSpecification","valueRequired":true,"valueName":"search_term_string"}}],"inLanguage":"fr-FR"}]}},"jetpack_sharing_enabled":true,"_links":{"self":[{"href":"https:\/\/oracle-atwood-canada.com\/fr\/wp-json\/wp\/v2\/pages\/280","targetHints":{"allow":["GET"]}}],"collection":[{"href":"https:\/\/oracle-atwood-canada.com\/fr\/wp-json\/wp\/v2\/pages"}],"about":[{"href":"https:\/\/oracle-atwood-canada.com\/fr\/wp-json\/wp\/v2\/types\/page"}],"author":[{"embeddable":true,"href":"https:\/\/oracle-atwood-canada.com\/fr\/wp-json\/wp\/v2\/users\/1"}],"replies":[{"embeddable":true,"href":"https:\/\/oracle-atwood-canada.com\/fr\/wp-json\/wp\/v2\/comments?post=280"}],"version-history":[{"count":10,"href":"https:\/\/oracle-atwood-canada.com\/fr\/wp-json\/wp\/v2\/pages\/280\/revisions"}],"predecessor-version":[{"id":506,"href":"https:\/\/oracle-atwood-canada.com\/fr\/wp-json\/wp\/v2\/pages\/280\/revisions\/506"}],"wp:featuredmedia":[{"embeddable":true,"href":"https:\/\/oracle-atwood-canada.com\/fr\/wp-json\/wp\/v2\/media\/255"}],"wp:attachment":[{"href":"https:\/\/oracle-atwood-canada.com\/fr\/wp-json\/wp\/v2\/media?parent=280"}],"curies":[{"name":"wp","href":"https:\/\/api.w.org\/{rel}","templated":true}]}}