{"id":242,"date":"2025-02-06T15:07:51","date_gmt":"2025-02-06T20:07:51","guid":{"rendered":"https:\/\/oracle-atwood-canada.com\/panier\/"},"modified":"2025-02-26T06:59:07","modified_gmt":"2025-02-26T11:59:07","slug":"panier-oracle-atwood-canada","status":"publish","type":"page","link":"https:\/\/oracle-atwood-canada.com\/fr\/panier-oracle-atwood-canada\/","title":{"rendered":"Panier"},"content":{"rendered":"<p>[et_pb_section fb_built=\u00a0\u00bb1&Prime; _builder_version=\u00a0\u00bb4.16&Prime; global_colors_info=\u00a0\u00bb{}\u00a0\u00bb][et_pb_row _builder_version=\u00a0\u00bb4.27.4&Prime; background_size=\u00a0\u00bbinitial\u00a0\u00bb background_position=\u00a0\u00bbtop_left\u00a0\u00bb background_repeat=\u00a0\u00bbrepeat\u00a0\u00bb hover_enabled=\u00a0\u00bb0&Prime; global_colors_info=\u00a0\u00bb{}\u00a0\u00bb sticky_enabled=\u00a0\u00bb0&Prime;][et_pb_column type=\u00a0\u00bb4_4&Prime; _builder_version=\u00a0\u00bb4.16&Prime; custom_padding=\u00a0\u00bb|||\u00a0\u00bb global_colors_info=\u00a0\u00bb{}\u00a0\u00bb custom_padding__hover=\u00a0\u00bb|||\u00a0\u00bb][et_pb_post_title meta=\u00a0\u00bboff\u00a0\u00bb featured_image=\u00a0\u00bboff\u00a0\u00bb _builder_version=\u00a0\u00bb4.27.4&Prime; hover_enabled=\u00a0\u00bb0&Prime; global_colors_info=\u00a0\u00bb{}\u00a0\u00bb meta_font=\u00a0\u00bbPoppins||||||||\u00a0\u00bb title_font=\u00a0\u00bbPoppins||||||||\u00a0\u00bb sticky_enabled=\u00a0\u00bb0&Prime;][\/et_pb_post_title][et_pb_wc_cart_notice _builder_version=\u00a0\u00bb4.27.4&Prime; hover_enabled=\u00a0\u00bb0&Prime; global_colors_info=\u00a0\u00bb{}\u00a0\u00bb title_font=\u00a0\u00bbPoppins||||||||\u00a0\u00bb custom_button=\u00a0\u00bbon\u00a0\u00bb button_bg_color=\u00a0\u00bb#960a0a\u00a0\u00bb button_bg_enable_color=\u00a0\u00bbon\u00a0\u00bb button_border_width=\u00a0\u00bb0px\u00a0\u00bb button_border_color=\u00a0\u00bb#FFFFFF\u00a0\u00bb button_border_radius=\u00a0\u00bb20px\u00a0\u00bb button_font=\u00a0\u00bbPoppins||||||||\u00a0\u00bb button_icon=\u00a0\u00bb&#x45;||divi||400&Prime; button_icon_color=\u00a0\u00bb#FFFFFF\u00a0\u00bb button_icon_placement=\u00a0\u00bbleft\u00a0\u00bb button_text_color=\u00a0\u00bb#FFFFFF\u00a0\u00bb button_text_size=\u00a0\u00bb18px\u00a0\u00bb sticky_enabled=\u00a0\u00bb0&Prime;][\/et_pb_wc_cart_notice][et_pb_wc_cart_products _builder_version=\u00a0\u00bb4.27.4&Prime; hover_enabled=\u00a0\u00bb0&Prime; global_colors_info=\u00a0\u00bb{}\u00a0\u00bb sticky_enabled=\u00a0\u00bb0&Prime; table_header_background_color=\u00a0\u00bb#00154f\u00a0\u00bb table_header_font=\u00a0\u00bbPoppins|700|||||||\u00a0\u00bb table_header_text_color=\u00a0\u00bb#FFFFFF\u00a0\u00bb custom_button=\u00a0\u00bbon\u00a0\u00bb button_border_color=\u00a0\u00bb#FFFFFF\u00a0\u00bb button_bg_color=\u00a0\u00bb#8c0101&Prime; button_bg_enable_color=\u00a0\u00bbon\u00a0\u00bb button_border_radius=\u00a0\u00bb20px\u00a0\u00bb button_icon=\u00a0\u00bb&#x45;||divi||400&Prime; button_icon_color=\u00a0\u00bb#FFFFFF\u00a0\u00bb button_icon_placement=\u00a0\u00bbleft\u00a0\u00bb button_text_color=\u00a0\u00bb#FFFFFF\u00a0\u00bb button_text_size=\u00a0\u00bb18px\u00a0\u00bb custom_disabled_button=\u00a0\u00bbon\u00a0\u00bb disabled_button_text_size=\u00a0\u00bb18px\u00a0\u00bb disabled_button_bg_color=\u00a0\u00bb#6d0a0a\u00a0\u00bb disabled_button_bg_enable_color=\u00a0\u00bbon\u00a0\u00bb disabled_button_border_width=\u00a0\u00bb0px\u00a0\u00bb disabled_button_border_radius=\u00a0\u00bb20px\u00a0\u00bb disabled_button_icon=\u00a0\u00bb&#x45;||divi||400&Prime; disabled_button_icon_color=\u00a0\u00bb#FFFFFF\u00a0\u00bb disabled_button_icon_placement=\u00a0\u00bbleft\u00a0\u00bb disabled_button_text_color=\u00a0\u00bb#FFFFFF\u00a0\u00bb][\/et_pb_wc_cart_products][\/et_pb_column][\/et_pb_row][et_pb_row column_structure=\u00a0\u00bb1_2,1_2&Prime; _builder_version=\u00a0\u00bb4.16&Prime; background_size=\u00a0\u00bbinitial\u00a0\u00bb background_position=\u00a0\u00bbtop_left\u00a0\u00bb background_repeat=\u00a0\u00bbrepeat\u00a0\u00bb global_colors_info=\u00a0\u00bb{}\u00a0\u00bb][et_pb_column type=\u00a0\u00bb1_2&Prime; _builder_version=\u00a0\u00bb4.16&Prime; custom_padding=\u00a0\u00bb|||\u00a0\u00bb global_colors_info=\u00a0\u00bb{}\u00a0\u00bb custom_padding__hover=\u00a0\u00bb|||\u00a0\u00bb][\/et_pb_column][et_pb_column type=\u00a0\u00bb1_2&Prime; _builder_version=\u00a0\u00bb4.16&Prime; custom_padding=\u00a0\u00bb|||\u00a0\u00bb global_colors_info=\u00a0\u00bb{}\u00a0\u00bb custom_padding__hover=\u00a0\u00bb|||\u00a0\u00bb][et_pb_wc_cart_totals _builder_version=\u00a0\u00bb4.27.4&Prime; hover_enabled=\u00a0\u00bb0&Prime; global_colors_info=\u00a0\u00bb{}\u00a0\u00bb title_font=\u00a0\u00bbPoppins||||||||\u00a0\u00bb sticky_enabled=\u00a0\u00bb0&Prime; custom_button=\u00a0\u00bbon\u00a0\u00bb button_text_color=\u00a0\u00bb#FFFFFF\u00a0\u00bb button_bg_color=\u00a0\u00bb#6d0c0c\u00a0\u00bb button_bg_enable_color=\u00a0\u00bbon\u00a0\u00bb button_border_width=\u00a0\u00bb0px\u00a0\u00bb button_border_radius=\u00a0\u00bb20px\u00a0\u00bb button_icon=\u00a0\u00bb&#x45;||divi||400&Prime; column_label_font=\u00a0\u00bbPoppins|700|||||||\u00a0\u00bb][\/et_pb_wc_cart_totals][\/et_pb_column][\/et_pb_row][\/et_pb_section]<\/p>\n","protected":false},"excerpt":{"rendered":"","protected":false},"author":1,"featured_media":255,"parent":0,"menu_order":0,"comment_status":"closed","ping_status":"closed","template":"","meta":{"_et_pb_use_builder":"on","_et_pb_old_content":"","_et_gb_content_width":"","footnotes":""},"class_list":["post-242","page","type-page","status-publish","has-post-thumbnail","hentry"],"yoast_head":"<!-- This site is optimized with the Yoast SEO plugin v27.4 - https:\/\/yoast.com\/product\/yoast-seo-wordpress\/ -->\n<title>Panier - Oracle Atwood Canada<\/title>\n<meta name=\"description\" content=\"Ceci est la page contenant les \u00e9l\u00e9ments de votre panier. N&#039;h\u00e9sitez pas \u00e0 nous contacter si vous avez des questions.\" \/>\n<meta name=\"robots\" content=\"noindex, nofollow\" \/>\n<meta property=\"og:locale\" content=\"fr_FR\" \/>\n<meta property=\"og:type\" content=\"article\" \/>\n<meta property=\"og:title\" content=\"Panier - Oracle Atwood Canada\" \/>\n<meta property=\"og:description\" content=\"Ceci est la page contenant les \u00e9l\u00e9ments de votre panier. N&#039;h\u00e9sitez pas \u00e0 nous contacter si vous avez des questions.\" \/>\n<meta property=\"og:url\" content=\"https:\/\/oracle-atwood-canada.com\/fr\/panier-oracle-atwood-canada\/\" \/>\n<meta property=\"og:site_name\" content=\"Oracle Atwood Canada\" \/>\n<meta property=\"article:modified_time\" content=\"2025-02-26T11:59:07+00:00\" \/>\n<meta property=\"og:image\" content=\"https:\/\/oracle-atwood-canada.com\/wp-content\/uploads\/2025\/02\/OracleForetdeGaiasurRocher600px.jpg\" \/>\n\t<meta property=\"og:image:width\" content=\"600\" \/>\n\t<meta property=\"og:image:height\" content=\"600\" \/>\n\t<meta property=\"og:image:type\" content=\"image\/jpeg\" \/>\n<meta name=\"twitter:card\" content=\"summary_large_image\" \/>\n<meta name=\"twitter:label1\" content=\"Dur\u00e9e de lecture estim\u00e9e\" \/>\n\t<meta name=\"twitter:data1\" content=\"1 minute\" \/>\n<script type=\"application\/ld+json\" class=\"yoast-schema-graph\">{\"@context\":\"https:\\\/\\\/schema.org\",\"@graph\":[{\"@type\":\"WebPage\",\"@id\":\"https:\\\/\\\/oracle-atwood-canada.com\\\/fr\\\/panier-oracle-atwood-canada\\\/\",\"url\":\"https:\\\/\\\/oracle-atwood-canada.com\\\/fr\\\/panier-oracle-atwood-canada\\\/\",\"name\":\"Panier - Oracle Atwood Canada\",\"isPartOf\":{\"@id\":\"https:\\\/\\\/oracle-atwood-canada.com\\\/#website\"},\"primaryImageOfPage\":{\"@id\":\"https:\\\/\\\/oracle-atwood-canada.com\\\/fr\\\/panier-oracle-atwood-canada\\\/#primaryimage\"},\"image\":{\"@id\":\"https:\\\/\\\/oracle-atwood-canada.com\\\/fr\\\/panier-oracle-atwood-canada\\\/#primaryimage\"},\"thumbnailUrl\":\"https:\\\/\\\/oracle-atwood-canada.com\\\/wp-content\\\/uploads\\\/2025\\\/02\\\/OracleForetdeGaiasurRocher600px.jpg\",\"datePublished\":\"2025-02-06T20:07:51+00:00\",\"dateModified\":\"2025-02-26T11:59:07+00:00\",\"description\":\"Ceci est la page contenant les \u00e9l\u00e9ments de votre panier. N'h\u00e9sitez pas \u00e0 nous contacter si vous avez des questions.\",\"breadcrumb\":{\"@id\":\"https:\\\/\\\/oracle-atwood-canada.com\\\/fr\\\/panier-oracle-atwood-canada\\\/#breadcrumb\"},\"inLanguage\":\"fr-FR\",\"potentialAction\":[{\"@type\":\"ReadAction\",\"target\":[\"https:\\\/\\\/oracle-atwood-canada.com\\\/fr\\\/panier-oracle-atwood-canada\\\/\"]}]},{\"@type\":\"ImageObject\",\"inLanguage\":\"fr-FR\",\"@id\":\"https:\\\/\\\/oracle-atwood-canada.com\\\/fr\\\/panier-oracle-atwood-canada\\\/#primaryimage\",\"url\":\"https:\\\/\\\/oracle-atwood-canada.com\\\/wp-content\\\/uploads\\\/2025\\\/02\\\/OracleForetdeGaiasurRocher600px.jpg\",\"contentUrl\":\"https:\\\/\\\/oracle-atwood-canada.com\\\/wp-content\\\/uploads\\\/2025\\\/02\\\/OracleForetdeGaiasurRocher600px.jpg\",\"width\":600,\"height\":600,\"caption\":\"Oracle de la For\u00eat de Ga\u00efa sur Rocher\"},{\"@type\":\"BreadcrumbList\",\"@id\":\"https:\\\/\\\/oracle-atwood-canada.com\\\/fr\\\/panier-oracle-atwood-canada\\\/#breadcrumb\",\"itemListElement\":[{\"@type\":\"ListItem\",\"position\":1,\"name\":\"Accueil\",\"item\":\"https:\\\/\\\/oracle-atwood-canada.com\\\/fr\\\/\"},{\"@type\":\"ListItem\",\"position\":2,\"name\":\"Panier\"}]},{\"@type\":\"WebSite\",\"@id\":\"https:\\\/\\\/oracle-atwood-canada.com\\\/#website\",\"url\":\"https:\\\/\\\/oracle-atwood-canada.com\\\/\",\"name\":\"Oracle Atwood Canada\",\"description\":\"R\u00e9v\u00e9lez votre destin\u00e9e\",\"potentialAction\":[{\"@type\":\"SearchAction\",\"target\":{\"@type\":\"EntryPoint\",\"urlTemplate\":\"https:\\\/\\\/oracle-atwood-canada.com\\\/?s={search_term_string}\"},\"query-input\":{\"@type\":\"PropertyValueSpecification\",\"valueRequired\":true,\"valueName\":\"search_term_string\"}}],\"inLanguage\":\"fr-FR\"}]}<\/script>\n<!-- \/ Yoast SEO plugin. -->","yoast_head_json":{"title":"Panier - Oracle Atwood Canada","description":"Ceci est la page contenant les \u00e9l\u00e9ments de votre panier. N'h\u00e9sitez pas \u00e0 nous contacter si vous avez des questions.","robots":{"index":"noindex","follow":"nofollow"},"og_locale":"fr_FR","og_type":"article","og_title":"Panier - Oracle Atwood Canada","og_description":"Ceci est la page contenant les \u00e9l\u00e9ments de votre panier. N'h\u00e9sitez pas \u00e0 nous contacter si vous avez des questions.","og_url":"https:\/\/oracle-atwood-canada.com\/fr\/panier-oracle-atwood-canada\/","og_site_name":"Oracle Atwood Canada","article_modified_time":"2025-02-26T11:59:07+00:00","og_image":[{"width":600,"height":600,"url":"https:\/\/oracle-atwood-canada.com\/wp-content\/uploads\/2025\/02\/OracleForetdeGaiasurRocher600px.jpg","type":"image\/jpeg"}],"twitter_card":"summary_large_image","twitter_misc":{"Dur\u00e9e de lecture estim\u00e9e":"1 minute"},"schema":{"@context":"https:\/\/schema.org","@graph":[{"@type":"WebPage","@id":"https:\/\/oracle-atwood-canada.com\/fr\/panier-oracle-atwood-canada\/","url":"https:\/\/oracle-atwood-canada.com\/fr\/panier-oracle-atwood-canada\/","name":"Panier - Oracle Atwood Canada","isPartOf":{"@id":"https:\/\/oracle-atwood-canada.com\/#website"},"primaryImageOfPage":{"@id":"https:\/\/oracle-atwood-canada.com\/fr\/panier-oracle-atwood-canada\/#primaryimage"},"image":{"@id":"https:\/\/oracle-atwood-canada.com\/fr\/panier-oracle-atwood-canada\/#primaryimage"},"thumbnailUrl":"https:\/\/oracle-atwood-canada.com\/wp-content\/uploads\/2025\/02\/OracleForetdeGaiasurRocher600px.jpg","datePublished":"2025-02-06T20:07:51+00:00","dateModified":"2025-02-26T11:59:07+00:00","description":"Ceci est la page contenant les \u00e9l\u00e9ments de votre panier. N'h\u00e9sitez pas \u00e0 nous contacter si vous avez des questions.","breadcrumb":{"@id":"https:\/\/oracle-atwood-canada.com\/fr\/panier-oracle-atwood-canada\/#breadcrumb"},"inLanguage":"fr-FR","potentialAction":[{"@type":"ReadAction","target":["https:\/\/oracle-atwood-canada.com\/fr\/panier-oracle-atwood-canada\/"]}]},{"@type":"ImageObject","inLanguage":"fr-FR","@id":"https:\/\/oracle-atwood-canada.com\/fr\/panier-oracle-atwood-canada\/#primaryimage","url":"https:\/\/oracle-atwood-canada.com\/wp-content\/uploads\/2025\/02\/OracleForetdeGaiasurRocher600px.jpg","contentUrl":"https:\/\/oracle-atwood-canada.com\/wp-content\/uploads\/2025\/02\/OracleForetdeGaiasurRocher600px.jpg","width":600,"height":600,"caption":"Oracle de la For\u00eat de Ga\u00efa sur Rocher"},{"@type":"BreadcrumbList","@id":"https:\/\/oracle-atwood-canada.com\/fr\/panier-oracle-atwood-canada\/#breadcrumb","itemListElement":[{"@type":"ListItem","position":1,"name":"Accueil","item":"https:\/\/oracle-atwood-canada.com\/fr\/"},{"@type":"ListItem","position":2,"name":"Panier"}]},{"@type":"WebSite","@id":"https:\/\/oracle-atwood-canada.com\/#website","url":"https:\/\/oracle-atwood-canada.com\/","name":"Oracle Atwood Canada","description":"R\u00e9v\u00e9lez votre destin\u00e9e","potentialAction":[{"@type":"SearchAction","target":{"@type":"EntryPoint","urlTemplate":"https:\/\/oracle-atwood-canada.com\/?s={search_term_string}"},"query-input":{"@type":"PropertyValueSpecification","valueRequired":true,"valueName":"search_term_string"}}],"inLanguage":"fr-FR"}]}},"jetpack_sharing_enabled":true,"_links":{"self":[{"href":"https:\/\/oracle-atwood-canada.com\/fr\/wp-json\/wp\/v2\/pages\/242","targetHints":{"allow":["GET"]}}],"collection":[{"href":"https:\/\/oracle-atwood-canada.com\/fr\/wp-json\/wp\/v2\/pages"}],"about":[{"href":"https:\/\/oracle-atwood-canada.com\/fr\/wp-json\/wp\/v2\/types\/page"}],"author":[{"embeddable":true,"href":"https:\/\/oracle-atwood-canada.com\/fr\/wp-json\/wp\/v2\/users\/1"}],"replies":[{"embeddable":true,"href":"https:\/\/oracle-atwood-canada.com\/fr\/wp-json\/wp\/v2\/comments?post=242"}],"version-history":[{"count":5,"href":"https:\/\/oracle-atwood-canada.com\/fr\/wp-json\/wp\/v2\/pages\/242\/revisions"}],"predecessor-version":[{"id":524,"href":"https:\/\/oracle-atwood-canada.com\/fr\/wp-json\/wp\/v2\/pages\/242\/revisions\/524"}],"wp:featuredmedia":[{"embeddable":true,"href":"https:\/\/oracle-atwood-canada.com\/fr\/wp-json\/wp\/v2\/media\/255"}],"wp:attachment":[{"href":"https:\/\/oracle-atwood-canada.com\/fr\/wp-json\/wp\/v2\/media?parent=242"}],"curies":[{"name":"wp","href":"https:\/\/api.w.org\/{rel}","templated":true}]}}